{"id":6028,"date":"2021-05-06T10:23:29","date_gmt":"2021-05-06T08:23:29","guid":{"rendered":"https:\/\/ruizlarrea.com\/?page_id=6028"},"modified":"2023-10-17T11:26:08","modified_gmt":"2023-10-17T09:26:08","slug":"calidad-y-medio-ambiente","status":"publish","type":"page","link":"https:\/\/ruizlarrea.com\/en\/calidad-y-medio-ambiente\/","title":{"rendered":"calidad y medio ambiente"},"content":{"rendered":"<div data-elementor-type=\"wp-page\" data-elementor-id=\"6028\" class=\"elementor elementor-6028\">\n\t\t\t\t\t\t<div class=\"elementor-inner\">\n\t\t\t\t<div class=\"elementor-section-wrap\">\n\t\t\t\t\t\t\t\t\t<section class=\"elementor-section elementor-top-section elementor-element elementor-element-ece294f elementor-section-boxed elementor-section-height-default elementor-section-height-default\" data-id=\"ece294f\" data-element_type=\"section\">\n\t\t\t\t\t\t<div class=\"elementor-container elementor-column-gap-default\">\n\t\t\t\t\t\t\t<div class=\"elementor-row\">\n\t\t\t\t\t<div class=\"elementor-column elementor-col-100 elementor-top-column elementor-element elementor-element-d90f0b9\" data-id=\"d90f0b9\" data-element_type=\"column\">\n\t\t\t<div class=\"elementor-column-wrap\">\n\t\t\t\t\t\t\t<div class=\"elementor-widget-wrap\">\n\t\t\t\t\t\t\t\t<\/div>\n\t\t\t\t\t<\/div>\n\t\t<\/div>\n\t\t\t\t\t\t\t\t<\/div>\n\t\t\t\t\t<\/div>\n\t\t<\/section>\n\t\t\t\t<section class=\"elementor-section elementor-top-section elementor-element elementor-element-1a3b806c elementor-section-boxed elementor-section-height-default elementor-section-height-default\" data-id=\"1a3b806c\" data-element_type=\"section\">\n\t\t\t\t\t\t<div class=\"elementor-container elementor-column-gap-default\">\n\t\t\t\t\t\t\t<div class=\"elementor-row\">\n\t\t\t\t\t<div class=\"elementor-column elementor-col-100 elementor-top-column elementor-element elementor-element-15b18515\" data-id=\"15b18515\" data-element_type=\"column\">\n\t\t\t<div class=\"elementor-column-wrap elementor-element-populated\">\n\t\t\t\t\t\t\t<div class=\"elementor-widget-wrap\">\n\t\t\t\t\t\t<div class=\"elementor-element elementor-element-69f3071a elementor-widget elementor-widget-text-editor\" data-id=\"69f3071a\" data-element_type=\"widget\" data-widget_type=\"text-editor.default\">\n\t\t\t\t<div class=\"elementor-widget-container\">\n\t\t\t\t\t\t\t\t<div class=\"elementor-text-editor elementor-clearfix\">\n\t\t\t\t<h3><b>POL\u00cdTICA DE CALIDAD Y AMBIENTAL<\/b><\/h3><p>\u00a0<\/p><p>Consciente de la importancia que tiene para sus clientes la calidad de los trabajos de arquitectura que realiza y de que la consecuci\u00f3n de este objetivo debe ser compatible con el m\u00e1ximo respeto al medio que nos rodea, la <b>Gerencia<\/b> de <b>Ruiz Larrea Arquitectura S.L.P.<\/b> se compromete a orientar todas sus actividades hacia la consecuci\u00f3n de su principal objetivo:<b>\u201cLA SATISFACCI\u00d3N Y ORIENTACI\u00d3N AL CLIENTE, PRESERVANDO EL MEDIOAMBIENTE\u201d<\/b><\/p><p><b>\u00a0<\/b>Para lo que, en todas las actividades que realice <b>RL,<\/b> se deber\u00e1n seguir las siguientes directrices:<\/p><ul><li><p>Conseguir la plena confianza y satisfacci\u00f3n de los clientes mediante el establecimiento, control y mantenimiento de los m\u00e1ximos niveles de calidad en todas las etapas del proceso productivo.<\/p><\/li><li><p>Cumplir todos los requisitos de nuestros clientes, as\u00ed como los requisitos legales y reglamentarios, incluyendo el cumplimiento de la legislaci\u00f3n y normativa ambiental aplicable a nuestras actividades, as\u00ed como otros compromisos que la empresa suscriba voluntariamente o a solicitud de los clientes.<\/p><\/li><li><p>\u00a0Establecer una din\u00e1mica de mejora continua en el sistema de calidad y ambiental por medio de los objetivos de calidad y ambientales.<\/p><\/li><li><p>Conseguir la identificaci\u00f3n y el compromiso de todos los miembros de <b>RL<\/b> con la Pol\u00edtica de Calidad y Ambiental y desarrollar una Gesti\u00f3n participativa que aproveche las capacidades de toda la plantilla.<\/p><\/li><li><p>Identificar los aspectos ambientales significativos proponiendo objetivos de mejora y realizar su seguimiento y verificaci\u00f3n de cumplimiento.<\/p><\/li><li><p>Revisar continuamente la eficiencia del sistema, objetivos y metas para asegurar la mejora continua de nuestro desempe\u00f1o de calidad y ambiental y la prevenci\u00f3n de todo tipo de contaminaci\u00f3n.<\/p><\/li><li><p>Extender el compromiso con el desarrollo sostenible a nuestras partes interesadas internas y externas mediante la comunicaci\u00f3n y la participaci\u00f3n en el sistema.<\/p><\/li><\/ul><p>La consecuci\u00f3n de este objetivo b\u00e1sico depende de la motivaci\u00f3n, compromiso, formaci\u00f3n continua y participaci\u00f3n de todo el personal de <b>Ruiz Larrea Arquitectura S.L.P.<\/b> liderados por los m\u00e1ximos responsables de la empresa, que son los Socios Directores.<\/p><p>Independientemente del puesto de trabajo y de las responsabilidades de cada colaborador, todos somos \u00faltimos responsables de nuestro propio trabajo, buscando siempre la satisfacci\u00f3n tanto de clientes externos como internos.\u00a0<\/p><p>Este prop\u00f3sito de trabajo debemos conseguirlo apoy\u00e1ndonos en la aplicaci\u00f3n del Sistema Integrado de Gesti\u00f3n, basado en la Norma <b>UNE-EN-ISO 9001:2015<\/b> y en la Norma <b>UNE<\/b><strong>-EN-IS<\/strong><b>O 14001:2015<\/b> que nos garantizan uniformidad y mejora continua.\u00a0<\/p><p>Como Socios-Directores, esta Pol\u00edtica de Calidad y Medio Ambiente cuenta con nuestro total apoyo y nos comprometemos a ser los primeros en cumplir las disposiciones recogidas en nuestro Sistema Integrado de Gesti\u00f3n de Calidad y Medio Ambiente, as\u00ed como a velar por su cumplimiento en todo nuestro \u00e1mbito de responsabilidad.\u00a0<\/p><h2 style=\"text-align: justify;\">\u00a0<\/h2><h6 style=\"text-align: center;\"><strong>Direcci\u00f3n RUIZ-LARREA<\/strong><\/h6><div><strong>\u00a0<\/strong><\/div><div><strong>\u00a0<\/strong><\/div>\t\t\t\t\t<\/div>\n\t\t\t\t\t\t<\/div>\n\t\t\t\t<\/div>\n\t\t\t\t\t\t<\/div>\n\t\t\t\t\t<\/div>\n\t\t<\/div>\n\t\t\t\t\t\t\t\t<\/div>\n\t\t\t\t\t<\/div>\n\t\t<\/section>\n\t\t\t\t\t\t\t\t\t<\/div>\n\t\t\t<\/div>\n\t\t\t\t\t<\/div>","protected":false},"excerpt":{"rendered":"<p>POL\u00cdTICA DE CALIDAD Y AMBIENTAL \u00a0 Consciente de la importancia que tiene para sus clientes la calidad de los trabajos de arquitectura que realiza y de que la consecuci\u00f3n de este objetivo debe ser compatible con el m\u00e1ximo respeto al [&hellip;]<\/p>","protected":false},"author":1,"featured_media":0,"parent":0,"menu_order":0,"comment_status":"closed","ping_status":"closed","template":"elementor_theme","meta":[],"yoast_head":"<!-- This site is optimized with the Yoast SEO plugin v20.2 - https:\/\/yoast.com\/wordpress\/plugins\/seo\/ -->\n<title>calidad y medio ambiente - Ruiz Larrea<\/title>\n<meta name=\"robots\" content=\"index, follow, max-snippet:-1, max-image-preview:large, max-video-preview:-1\" \/>\n<link rel=\"canonical\" href=\"https:\/\/ruizlarrea.com\/en\/calidad-y-medio-ambiente\/\" \/>\n<meta property=\"og:locale\" content=\"en_GB\" \/>\n<meta property=\"og:type\" content=\"article\" \/>\n<meta property=\"og:title\" content=\"calidad y medio ambiente - Ruiz Larrea\" \/>\n<meta property=\"og:description\" content=\"POL\u00cdTICA DE CALIDAD Y AMBIENTAL \u00a0 Consciente de la importancia que tiene para sus clientes la calidad de los trabajos de arquitectura que realiza y de que la consecuci\u00f3n de este objetivo debe ser compatible con el m\u00e1ximo respeto al [&hellip;]\" \/>\n<meta property=\"og:url\" content=\"https:\/\/ruizlarrea.com\/en\/calidad-y-medio-ambiente\/\" \/>\n<meta property=\"og:site_name\" content=\"Ruiz Larrea\" \/>\n<meta property=\"article:publisher\" content=\"https:\/\/www.facebook.com\/2gvArquitectura\/\" \/>\n<meta property=\"article:modified_time\" content=\"2023-10-17T09:26:08+00:00\" \/>\n<meta name=\"twitter:card\" content=\"summary_large_image\" \/>\n<meta name=\"twitter:label1\" content=\"Estimated reading time\" \/>\n\t<meta name=\"twitter:data1\" content=\"3 minutes\" \/>\n<script type=\"application\/ld+json\" class=\"yoast-schema-graph\">{\"@context\":\"https:\/\/schema.org\",\"@graph\":[{\"@type\":\"WebPage\",\"@id\":\"https:\/\/ruizlarrea.com\/calidad-y-medio-ambiente\/\",\"url\":\"https:\/\/ruizlarrea.com\/calidad-y-medio-ambiente\/\",\"name\":\"calidad y medio ambiente - Ruiz Larrea\",\"isPartOf\":{\"@id\":\"https:\/\/ruizlarrea.com\/en\/#website\"},\"datePublished\":\"2021-05-06T08:23:29+00:00\",\"dateModified\":\"2023-10-17T09:26:08+00:00\",\"inLanguage\":\"en-GB\",\"potentialAction\":[{\"@type\":\"ReadAction\",\"target\":[\"https:\/\/ruizlarrea.com\/calidad-y-medio-ambiente\/\"]}]},{\"@type\":\"WebSite\",\"@id\":\"https:\/\/ruizlarrea.com\/en\/#website\",\"url\":\"https:\/\/ruizlarrea.com\/en\/\",\"name\":\"2gv Arquitectura\",\"description\":\"Arquitectura\",\"publisher\":{\"@id\":\"https:\/\/ruizlarrea.com\/en\/#organization\"},\"potentialAction\":[{\"@type\":\"SearchAction\",\"target\":{\"@type\":\"EntryPoint\",\"urlTemplate\":\"https:\/\/ruizlarrea.com\/en\/?s={search_term_string}\"},\"query-input\":\"required name=search_term_string\"}],\"inLanguage\":\"en-GB\"},{\"@type\":\"Organization\",\"@id\":\"https:\/\/ruizlarrea.com\/en\/#organization\",\"name\":\"2GV\",\"url\":\"https:\/\/ruizlarrea.com\/en\/\",\"logo\":{\"@type\":\"ImageObject\",\"inLanguage\":\"en-GB\",\"@id\":\"https:\/\/ruizlarrea.com\/en\/#\/schema\/logo\/image\/\",\"url\":\"https:\/\/ruizlarrea.com\/wp-content\/uploads\/2019\/10\/2gv_-logo-color-negro-e1571069923777.png\",\"contentUrl\":\"https:\/\/ruizlarrea.com\/wp-content\/uploads\/2019\/10\/2gv_-logo-color-negro-e1571069923777.png\",\"width\":150,\"height\":113,\"caption\":\"2GV\"},\"image\":{\"@id\":\"https:\/\/ruizlarrea.com\/en\/#\/schema\/logo\/image\/\"},\"sameAs\":[\"https:\/\/www.facebook.com\/2gvArquitectura\/\",\"https:\/\/www.instagram.com\/2gv_arq\/\",\"https:\/\/www.linkedin.com\/company\/dosgeuvearquitectura-s.l.p.\"]}]}<\/script>\n<!-- \/ Yoast SEO plugin. -->","yoast_head_json":{"title":"calidad y medio ambiente - Ruiz Larrea","robots":{"index":"index","follow":"follow","max-snippet":"max-snippet:-1","max-image-preview":"max-image-preview:large","max-video-preview":"max-video-preview:-1"},"canonical":"https:\/\/ruizlarrea.com\/en\/calidad-y-medio-ambiente\/","og_locale":"en_GB","og_type":"article","og_title":"calidad y medio ambiente - Ruiz Larrea","og_description":"POL\u00cdTICA DE CALIDAD Y AMBIENTAL \u00a0 Consciente de la importancia que tiene para sus clientes la calidad de los trabajos de arquitectura que realiza y de que la consecuci\u00f3n de este objetivo debe ser compatible con el m\u00e1ximo respeto al [&hellip;]","og_url":"https:\/\/ruizlarrea.com\/en\/calidad-y-medio-ambiente\/","og_site_name":"Ruiz Larrea","article_publisher":"https:\/\/www.facebook.com\/2gvArquitectura\/","article_modified_time":"2023-10-17T09:26:08+00:00","twitter_card":"summary_large_image","twitter_misc":{"Estimated reading time":"3 minutes"},"schema":{"@context":"https:\/\/schema.org","@graph":[{"@type":"WebPage","@id":"https:\/\/ruizlarrea.com\/calidad-y-medio-ambiente\/","url":"https:\/\/ruizlarrea.com\/calidad-y-medio-ambiente\/","name":"calidad y medio ambiente - Ruiz Larrea","isPartOf":{"@id":"https:\/\/ruizlarrea.com\/en\/#website"},"datePublished":"2021-05-06T08:23:29+00:00","dateModified":"2023-10-17T09:26:08+00:00","inLanguage":"en-GB","potentialAction":[{"@type":"ReadAction","target":["https:\/\/ruizlarrea.com\/calidad-y-medio-ambiente\/"]}]},{"@type":"WebSite","@id":"https:\/\/ruizlarrea.com\/en\/#website","url":"https:\/\/ruizlarrea.com\/en\/","name":"2gv Arquitectura","description":"Arquitectura","publisher":{"@id":"https:\/\/ruizlarrea.com\/en\/#organization"},"potentialAction":[{"@type":"SearchAction","target":{"@type":"EntryPoint","urlTemplate":"https:\/\/ruizlarrea.com\/en\/?s={search_term_string}"},"query-input":"required name=search_term_string"}],"inLanguage":"en-GB"},{"@type":"Organization","@id":"https:\/\/ruizlarrea.com\/en\/#organization","name":"2GV","url":"https:\/\/ruizlarrea.com\/en\/","logo":{"@type":"ImageObject","inLanguage":"en-GB","@id":"https:\/\/ruizlarrea.com\/en\/#\/schema\/logo\/image\/","url":"https:\/\/ruizlarrea.com\/wp-content\/uploads\/2019\/10\/2gv_-logo-color-negro-e1571069923777.png","contentUrl":"https:\/\/ruizlarrea.com\/wp-content\/uploads\/2019\/10\/2gv_-logo-color-negro-e1571069923777.png","width":150,"height":113,"caption":"2GV"},"image":{"@id":"https:\/\/ruizlarrea.com\/en\/#\/schema\/logo\/image\/"},"sameAs":["https:\/\/www.facebook.com\/2gvArquitectura\/","https:\/\/www.instagram.com\/2gv_arq\/","https:\/\/www.linkedin.com\/company\/dosgeuvearquitectura-s.l.p."]}]}},"_links":{"self":[{"href":"https:\/\/ruizlarrea.com\/en\/wp-json\/wp\/v2\/pages\/6028"}],"collection":[{"href":"https:\/\/ruizlarrea.com\/en\/wp-json\/wp\/v2\/pages"}],"about":[{"href":"https:\/\/ruizlarrea.com\/en\/wp-json\/wp\/v2\/types\/page"}],"author":[{"embeddable":true,"href":"https:\/\/ruizlarrea.com\/en\/wp-json\/wp\/v2\/users\/1"}],"replies":[{"embeddable":true,"href":"https:\/\/ruizlarrea.com\/en\/wp-json\/wp\/v2\/comments?post=6028"}],"version-history":[{"count":70,"href":"https:\/\/ruizlarrea.com\/en\/wp-json\/wp\/v2\/pages\/6028\/revisions"}],"predecessor-version":[{"id":9575,"href":"https:\/\/ruizlarrea.com\/en\/wp-json\/wp\/v2\/pages\/6028\/revisions\/9575"}],"wp:attachment":[{"href":"https:\/\/ruizlarrea.com\/en\/wp-json\/wp\/v2\/media?parent=6028"}],"curies":[{"name":"wp","href":"https:\/\/api.w.org\/{rel}","templated":true}]}}