{"id":5480,"date":"2020-08-03T08:14:27","date_gmt":"2020-08-03T06:14:27","guid":{"rendered":"https:\/\/ruizlarrea.com\/?page_id=5480"},"modified":"2021-02-12T10:01:34","modified_gmt":"2021-02-12T09:01:34","slug":"viviendas","status":"publish","type":"page","link":"https:\/\/ruizlarrea.com\/ca\/viviendas\/","title":{"rendered":"Habitatges"},"content":{"rendered":"<div data-elementor-type=\"wp-post\" data-elementor-id=\"5480\" class=\"elementor elementor-5480\">\n\t\t\t\t\t\t<div class=\"elementor-inner\">\n\t\t\t\t<div class=\"elementor-section-wrap\">\n\t\t\t\t\t\t\t\t\t<section class=\"elementor-section elementor-top-section elementor-element elementor-element-6e29be1 elementor-section-boxed elementor-section-height-default elementor-section-height-default\" data-id=\"6e29be1\" data-element_type=\"section\">\n\t\t\t\t\t\t<div class=\"elementor-container elementor-column-gap-no\">\n\t\t\t\t\t\t\t<div class=\"elementor-row\">\n\t\t\t\t\t<div class=\"elementor-column elementor-col-50 elementor-top-column elementor-element elementor-element-863dd67\" data-id=\"863dd67\" data-element_type=\"column\" data-settings=\"{&quot;background_background&quot;:&quot;classic&quot;}\">\n\t\t\t<div class=\"elementor-column-wrap\">\n\t\t\t\t\t\t\t<div class=\"elementor-widget-wrap\">\n\t\t\t\t\t\t\t\t<\/div>\n\t\t\t\t\t<\/div>\n\t\t<\/div>\n\t\t\t\t<div class=\"elementor-column elementor-col-50 elementor-top-column elementor-element elementor-element-c9dde77\" data-id=\"c9dde77\" data-element_type=\"column\">\n\t\t\t<div class=\"elementor-column-wrap elementor-element-populated\">\n\t\t\t\t\t\t\t<div class=\"elementor-widget-wrap\">\n\t\t\t\t\t\t<div class=\"elementor-element elementor-element-120b6c5 animated-fast elementor-invisible elementor-widget elementor-widget-text-editor\" data-id=\"120b6c5\" data-element_type=\"widget\" data-settings=\"{&quot;_animation&quot;:&quot;fadeInUp&quot;,&quot;_animation_delay&quot;:200}\" data-widget_type=\"text-editor.default\">\n\t\t\t\t<div class=\"elementor-widget-container\">\n\t\t\t\t\t\t\t\t<div class=\"elementor-text-editor elementor-clearfix\">\n\t\t\t\t<p>Creamos casas <span class=\"typed-me\" data-string0=\"saludables\" data-string1=\"sostenibles\" data-string2=\"eficientes\" data-string3=\"exclusivas\" data-type-speed=\"100\" data-start-delay=\"0\" data-backspeed=\"40\" data-back-delay=\"1500\" data-loop=\"1\"><\/span><\/p>\t\t\t\t\t<\/div>\n\t\t\t\t\t\t<\/div>\n\t\t\t\t<\/div>\n\t\t\t\t\t\t<\/div>\n\t\t\t\t\t<\/div>\n\t\t<\/div>\n\t\t\t\t\t\t\t\t<\/div>\n\t\t\t\t\t<\/div>\n\t\t<\/section>\n\t\t\t\t<section class=\"elementor-section elementor-top-section elementor-element elementor-element-a6b4a20 elementor-section-stretched elementor-section-boxed elementor-section-height-default elementor-section-height-default\" data-id=\"a6b4a20\" data-element_type=\"section\" data-settings=\"{&quot;stretch_section&quot;:&quot;section-stretched&quot;}\">\n\t\t\t\t\t\t<div class=\"elementor-container elementor-column-gap-default\">\n\t\t\t\t\t\t\t<div class=\"elementor-row\">\n\t\t\t\t\t<div class=\"elementor-column elementor-col-100 elementor-top-column elementor-element elementor-element-cd3a994\" data-id=\"cd3a994\" data-element_type=\"column\">\n\t\t\t<div class=\"elementor-column-wrap\">\n\t\t\t\t\t\t\t<div class=\"elementor-widget-wrap\">\n\t\t\t\t\t\t\t\t<\/div>\n\t\t\t\t\t<\/div>\n\t\t<\/div>\n\t\t\t\t\t\t\t\t<\/div>\n\t\t\t\t\t<\/div>\n\t\t<\/section>\n\t\t\t\t<section class=\"elementor-section elementor-top-section elementor-element elementor-element-ad00426 animated-fast elementor-section-boxed elementor-section-height-default elementor-section-height-default elementor-invisible\" data-id=\"ad00426\" data-element_type=\"section\" data-settings=\"{&quot;animation&quot;:&quot;fadeInUp&quot;}\">\n\t\t\t\t\t\t<div class=\"elementor-container elementor-column-gap-default\">\n\t\t\t\t\t\t\t<div class=\"elementor-row\">\n\t\t\t\t\t<div class=\"elementor-column elementor-col-100 elementor-top-column elementor-element elementor-element-1b342a4\" data-id=\"1b342a4\" data-element_type=\"column\">\n\t\t\t<div class=\"elementor-column-wrap elementor-element-populated\">\n\t\t\t\t\t\t\t<div class=\"elementor-widget-wrap\">\n\t\t\t\t\t\t<div class=\"elementor-element elementor-element-d1b5d54 animated-fast elementor-invisible elementor-widget elementor-widget-text-editor\" data-id=\"d1b5d54\" data-element_type=\"widget\" data-settings=\"{&quot;_animation&quot;:&quot;fadeInUp&quot;}\" data-widget_type=\"text-editor.default\">\n\t\t\t\t<div class=\"elementor-widget-container\">\n\t\t\t\t\t\t\t\t<div class=\"elementor-text-editor elementor-clearfix\">\n\t\t\t\t<p>Arquitectura SOSTENIBLE<\/p>\t\t\t\t\t<\/div>\n\t\t\t\t\t\t<\/div>\n\t\t\t\t<\/div>\n\t\t\t\t<div class=\"elementor-element elementor-element-5bcbc1a animated-fast elementor-invisible elementor-widget elementor-widget-heading\" data-id=\"5bcbc1a\" data-element_type=\"widget\" data-settings=\"{&quot;_animation&quot;:&quot;fadeInUp&quot;,&quot;_animation_delay&quot;:200}\" data-widget_type=\"heading.default\">\n\t\t\t\t<div class=\"elementor-widget-container\">\n\t\t\t<h2 class=\"elementor-heading-title elementor-size-default\">Casas saludables<\/h2>\t\t<\/div>\n\t\t\t\t<\/div>\n\t\t\t\t\t\t<\/div>\n\t\t\t\t\t<\/div>\n\t\t<\/div>\n\t\t\t\t\t\t\t\t<\/div>\n\t\t\t\t\t<\/div>\n\t\t<\/section>\n\t\t\t\t<section class=\"elementor-section elementor-top-section elementor-element elementor-element-9b24d94 animated-fast elementor-section-boxed elementor-section-height-default elementor-section-height-default elementor-invisible\" data-id=\"9b24d94\" data-element_type=\"section\" data-settings=\"{&quot;animation&quot;:&quot;fadeIn&quot;}\">\n\t\t\t\t\t\t<div class=\"elementor-container elementor-column-gap-default\">\n\t\t\t\t\t\t\t<div class=\"elementor-row\">\n\t\t\t\t\t<div class=\"elementor-column elementor-col-100 elementor-top-column elementor-element elementor-element-6fef1c2\" data-id=\"6fef1c2\" data-element_type=\"column\">\n\t\t\t<div class=\"elementor-column-wrap\">\n\t\t\t\t\t\t\t<div class=\"elementor-widget-wrap\">\n\t\t\t\t\t\t\t\t<\/div>\n\t\t\t\t\t<\/div>\n\t\t<\/div>\n\t\t\t\t\t\t\t\t<\/div>\n\t\t\t\t\t<\/div>\n\t\t<\/section>\n\t\t\t\t<section class=\"elementor-section elementor-top-section elementor-element elementor-element-f5df749 elementor-section-boxed elementor-section-height-default elementor-section-height-default\" data-id=\"f5df749\" data-element_type=\"section\">\n\t\t\t\t\t\t<div class=\"elementor-container elementor-column-gap-default\">\n\t\t\t\t\t\t\t<div class=\"elementor-row\">\n\t\t\t\t\t<div class=\"elementor-column elementor-col-33 elementor-top-column elementor-element elementor-element-93eef5d\" data-id=\"93eef5d\" data-element_type=\"column\">\n\t\t\t<div class=\"elementor-column-wrap\">\n\t\t\t\t\t\t\t<div class=\"elementor-widget-wrap\">\n\t\t\t\t\t\t\t\t<\/div>\n\t\t\t\t\t<\/div>\n\t\t<\/div>\n\t\t\t\t<div class=\"elementor-column elementor-col-33 elementor-top-column elementor-element elementor-element-7eb7786\" data-id=\"7eb7786\" data-element_type=\"column\">\n\t\t\t<div class=\"elementor-column-wrap elementor-element-populated\">\n\t\t\t\t\t\t\t<div class=\"elementor-widget-wrap\">\n\t\t\t\t\t\t<div class=\"elementor-element elementor-element-41b46ae elementor-widget elementor-widget-text-editor\" data-id=\"41b46ae\" data-element_type=\"widget\" data-widget_type=\"text-editor.default\">\n\t\t\t\t<div class=\"elementor-widget-container\">\n\t\t\t\t\t\t\t\t<div class=\"elementor-text-editor elementor-clearfix\">\n\t\t\t\t<p style=\"text-align: center;\"><a href=\"https:\/\/ruizlarrea.com\/ca\/proyectos\/\" target=\"_blank\" rel=\"noopener\">VER TODOS LOS PROYECTOS<\/a><\/p>\t\t\t\t\t<\/div>\n\t\t\t\t\t\t<\/div>\n\t\t\t\t<\/div>\n\t\t\t\t\t\t<\/div>\n\t\t\t\t\t<\/div>\n\t\t<\/div>\n\t\t\t\t<div class=\"elementor-column elementor-col-33 elementor-top-column elementor-element elementor-element-c5eab85\" data-id=\"c5eab85\" data-element_type=\"column\">\n\t\t\t<div class=\"elementor-column-wrap\">\n\t\t\t\t\t\t\t<div class=\"elementor-widget-wrap\">\n\t\t\t\t\t\t\t\t<\/div>\n\t\t\t\t\t<\/div>\n\t\t<\/div>\n\t\t\t\t\t\t\t\t<\/div>\n\t\t\t\t\t<\/div>\n\t\t<\/section>\n\t\t\t\t\t\t\t\t\t<\/div>\n\t\t\t<\/div>\n\t\t\t\t\t<\/div>","protected":false},"excerpt":{"rendered":"<p>Creamos casas Arquitectura SOSTENIBLE Casas saludables Exclusiva vivienda unifamiliar 2017 Dise\u00f1o de \u00e1tico en Plaza Catalu\u00f1a 2015 Casa de ensue\u00f1o en Llavaneres 2015 VER TODOS LOS PROYECTOS<\/p>","protected":false},"author":1,"featured_media":0,"parent":0,"menu_order":0,"comment_status":"closed","ping_status":"closed","template":"","meta":[],"yoast_head":"<!-- This site is optimized with the Yoast SEO plugin v20.2 - https:\/\/yoast.com\/wordpress\/plugins\/seo\/ -->\n<title>Viviendas - Ruiz Larrea<\/title>\n<meta name=\"robots\" content=\"index, follow, max-snippet:-1, max-image-preview:large, max-video-preview:-1\" \/>\n<link rel=\"canonical\" href=\"https:\/\/ruizlarrea.com\/ca\/viviendas\/\" \/>\n<meta property=\"og:locale\" content=\"ca_ES\" \/>\n<meta property=\"og:type\" content=\"article\" \/>\n<meta property=\"og:title\" content=\"Viviendas - Ruiz Larrea\" \/>\n<meta property=\"og:description\" content=\"Creamos casas Arquitectura SOSTENIBLE Casas saludables Exclusiva vivienda unifamiliar 2017 Dise\u00f1o de \u00e1tico en Plaza Catalu\u00f1a 2015 Casa de ensue\u00f1o en Llavaneres 2015 VER TODOS LOS PROYECTOS\" \/>\n<meta property=\"og:url\" content=\"https:\/\/ruizlarrea.com\/ca\/viviendas\/\" \/>\n<meta property=\"og:site_name\" content=\"Ruiz Larrea\" \/>\n<meta property=\"article:publisher\" content=\"https:\/\/www.facebook.com\/2gvArquitectura\/\" \/>\n<meta property=\"article:modified_time\" content=\"2021-02-12T09:01:34+00:00\" \/>\n<meta property=\"og:image\" content=\"https:\/\/ruizlarrea.com\/wp-content\/uploads\/2019\/11\/2gv_casa_Gualba_1-3-700x463.jpg\" \/>\n<meta name=\"twitter:card\" content=\"summary_large_image\" \/>\n<script type=\"application\/ld+json\" class=\"yoast-schema-graph\">{\"@context\":\"https:\/\/schema.org\",\"@graph\":[{\"@type\":\"WebPage\",\"@id\":\"https:\/\/ruizlarrea.com\/viviendas\/\",\"url\":\"https:\/\/ruizlarrea.com\/viviendas\/\",\"name\":\"Viviendas - Ruiz Larrea\",\"isPartOf\":{\"@id\":\"https:\/\/ruizlarrea.com\/en\/#website\"},\"datePublished\":\"2020-08-03T06:14:27+00:00\",\"dateModified\":\"2021-02-12T09:01:34+00:00\",\"breadcrumb\":{\"@id\":\"https:\/\/ruizlarrea.com\/viviendas\/#breadcrumb\"},\"inLanguage\":\"ca\",\"potentialAction\":[{\"@type\":\"ReadAction\",\"target\":[\"https:\/\/ruizlarrea.com\/viviendas\/\"]}]},{\"@type\":\"BreadcrumbList\",\"@id\":\"https:\/\/ruizlarrea.com\/viviendas\/#breadcrumb\",\"itemListElement\":[{\"@type\":\"ListItem\",\"position\":1,\"name\":\"Portada\",\"item\":\"https:\/\/ruizlarrea.com\/\"},{\"@type\":\"ListItem\",\"position\":2,\"name\":\"Viviendas\"}]},{\"@type\":\"WebSite\",\"@id\":\"https:\/\/ruizlarrea.com\/en\/#website\",\"url\":\"https:\/\/ruizlarrea.com\/en\/\",\"name\":\"2gv Arquitectura\",\"description\":\"Arquitectura\",\"publisher\":{\"@id\":\"https:\/\/ruizlarrea.com\/en\/#organization\"},\"potentialAction\":[{\"@type\":\"SearchAction\",\"target\":{\"@type\":\"EntryPoint\",\"urlTemplate\":\"https:\/\/ruizlarrea.com\/en\/?s={search_term_string}\"},\"query-input\":\"required name=search_term_string\"}],\"inLanguage\":\"ca\"},{\"@type\":\"Organization\",\"@id\":\"https:\/\/ruizlarrea.com\/en\/#organization\",\"name\":\"2GV\",\"url\":\"https:\/\/ruizlarrea.com\/en\/\",\"logo\":{\"@type\":\"ImageObject\",\"inLanguage\":\"ca\",\"@id\":\"https:\/\/ruizlarrea.com\/en\/#\/schema\/logo\/image\/\",\"url\":\"https:\/\/ruizlarrea.com\/wp-content\/uploads\/2019\/10\/2gv_-logo-color-negro-e1571069923777.png\",\"contentUrl\":\"https:\/\/ruizlarrea.com\/wp-content\/uploads\/2019\/10\/2gv_-logo-color-negro-e1571069923777.png\",\"width\":150,\"height\":113,\"caption\":\"2GV\"},\"image\":{\"@id\":\"https:\/\/ruizlarrea.com\/en\/#\/schema\/logo\/image\/\"},\"sameAs\":[\"https:\/\/www.facebook.com\/2gvArquitectura\/\",\"https:\/\/www.instagram.com\/2gv_arq\/\",\"https:\/\/www.linkedin.com\/company\/dosgeuvearquitectura-s.l.p.\"]}]}<\/script>\n<!-- \/ Yoast SEO plugin. -->","yoast_head_json":{"title":"Viviendas - Ruiz Larrea","robots":{"index":"index","follow":"follow","max-snippet":"max-snippet:-1","max-image-preview":"max-image-preview:large","max-video-preview":"max-video-preview:-1"},"canonical":"https:\/\/ruizlarrea.com\/ca\/viviendas\/","og_locale":"ca_ES","og_type":"article","og_title":"Viviendas - Ruiz Larrea","og_description":"Creamos casas Arquitectura SOSTENIBLE Casas saludables Exclusiva vivienda unifamiliar 2017 Dise\u00f1o de \u00e1tico en Plaza Catalu\u00f1a 2015 Casa de ensue\u00f1o en Llavaneres 2015 VER TODOS LOS PROYECTOS","og_url":"https:\/\/ruizlarrea.com\/ca\/viviendas\/","og_site_name":"Ruiz Larrea","article_publisher":"https:\/\/www.facebook.com\/2gvArquitectura\/","article_modified_time":"2021-02-12T09:01:34+00:00","og_image":[{"url":"https:\/\/ruizlarrea.com\/wp-content\/uploads\/2019\/11\/2gv_casa_Gualba_1-3-700x463.jpg"}],"twitter_card":"summary_large_image","schema":{"@context":"https:\/\/schema.org","@graph":[{"@type":"WebPage","@id":"https:\/\/ruizlarrea.com\/viviendas\/","url":"https:\/\/ruizlarrea.com\/viviendas\/","name":"Viviendas - Ruiz Larrea","isPartOf":{"@id":"https:\/\/ruizlarrea.com\/en\/#website"},"datePublished":"2020-08-03T06:14:27+00:00","dateModified":"2021-02-12T09:01:34+00:00","breadcrumb":{"@id":"https:\/\/ruizlarrea.com\/viviendas\/#breadcrumb"},"inLanguage":"ca","potentialAction":[{"@type":"ReadAction","target":["https:\/\/ruizlarrea.com\/viviendas\/"]}]},{"@type":"BreadcrumbList","@id":"https:\/\/ruizlarrea.com\/viviendas\/#breadcrumb","itemListElement":[{"@type":"ListItem","position":1,"name":"Portada","item":"https:\/\/ruizlarrea.com\/"},{"@type":"ListItem","position":2,"name":"Viviendas"}]},{"@type":"WebSite","@id":"https:\/\/ruizlarrea.com\/en\/#website","url":"https:\/\/ruizlarrea.com\/en\/","name":"2gv Arquitectura","description":"Arquitectura","publisher":{"@id":"https:\/\/ruizlarrea.com\/en\/#organization"},"potentialAction":[{"@type":"SearchAction","target":{"@type":"EntryPoint","urlTemplate":"https:\/\/ruizlarrea.com\/en\/?s={search_term_string}"},"query-input":"required name=search_term_string"}],"inLanguage":"ca"},{"@type":"Organization","@id":"https:\/\/ruizlarrea.com\/en\/#organization","name":"2GV","url":"https:\/\/ruizlarrea.com\/en\/","logo":{"@type":"ImageObject","inLanguage":"ca","@id":"https:\/\/ruizlarrea.com\/en\/#\/schema\/logo\/image\/","url":"https:\/\/ruizlarrea.com\/wp-content\/uploads\/2019\/10\/2gv_-logo-color-negro-e1571069923777.png","contentUrl":"https:\/\/ruizlarrea.com\/wp-content\/uploads\/2019\/10\/2gv_-logo-color-negro-e1571069923777.png","width":150,"height":113,"caption":"2GV"},"image":{"@id":"https:\/\/ruizlarrea.com\/en\/#\/schema\/logo\/image\/"},"sameAs":["https:\/\/www.facebook.com\/2gvArquitectura\/","https:\/\/www.instagram.com\/2gv_arq\/","https:\/\/www.linkedin.com\/company\/dosgeuvearquitectura-s.l.p."]}]}},"_links":{"self":[{"href":"https:\/\/ruizlarrea.com\/ca\/wp-json\/wp\/v2\/pages\/5480"}],"collection":[{"href":"https:\/\/ruizlarrea.com\/ca\/wp-json\/wp\/v2\/pages"}],"about":[{"href":"https:\/\/ruizlarrea.com\/ca\/wp-json\/wp\/v2\/types\/page"}],"author":[{"embeddable":true,"href":"https:\/\/ruizlarrea.com\/ca\/wp-json\/wp\/v2\/users\/1"}],"replies":[{"embeddable":true,"href":"https:\/\/ruizlarrea.com\/ca\/wp-json\/wp\/v2\/comments?post=5480"}],"version-history":[{"count":54,"href":"https:\/\/ruizlarrea.com\/ca\/wp-json\/wp\/v2\/pages\/5480\/revisions"}],"predecessor-version":[{"id":5845,"href":"https:\/\/ruizlarrea.com\/ca\/wp-json\/wp\/v2\/pages\/5480\/revisions\/5845"}],"wp:attachment":[{"href":"https:\/\/ruizlarrea.com\/ca\/wp-json\/wp\/v2\/media?parent=5480"}],"curies":[{"name":"wp","href":"https:\/\/api.w.org\/{rel}","templated":true}]}}